{"id":78,"date":"2015-05-14T15:33:33","date_gmt":"2015-05-14T15:33:33","guid":{"rendered":"http:\/\/da-nailsdeluxe.de\/wp\/?page_id=78"},"modified":"2020-03-23T17:16:12","modified_gmt":"2020-03-23T17:16:12","slug":"handpflege","status":"publish","type":"page","link":"https:\/\/www.da-nailsdeluxe.de\/?page_id=78","title":{"rendered":"Handpflege"},"content":{"rendered":"<div id=\"attachment_564\" style=\"width: 310px\" class=\"wp-caption alignleft\"><img aria-describedby=\"caption-attachment-564\" decoding=\"async\" loading=\"lazy\" class=\"wp-image-564 size-medium\" src=\"http:\/\/da-nailsdeluxe.de\/wp\/wp-content\/uploads\/2018\/03\/060100150-hand-care-peeling-50ml-2-300x300.jpg\" alt=\"\" width=\"300\" height=\"300\" srcset=\"https:\/\/www.da-nailsdeluxe.de\/wp-content\/uploads\/2018\/03\/060100150-hand-care-peeling-50ml-2-300x300.jpg 300w, https:\/\/www.da-nailsdeluxe.de\/wp-content\/uploads\/2018\/03\/060100150-hand-care-peeling-50ml-2-150x150.jpg 150w, https:\/\/www.da-nailsdeluxe.de\/wp-content\/uploads\/2018\/03\/060100150-hand-care-peeling-50ml-2.jpg 1000w\" sizes=\"(max-width: 300px) 100vw, 300px\" \/><p id=\"caption-attachment-564\" class=\"wp-caption-text\">Peeling f\u00fcr ein samtiges zartes Hautgef\u00fchl. Soja\u00f6l und gr\u00fcner Tee-Extrakt versorgen die Haut optimal. Mit pflegender Sheabutter, regenerierendem Oliven\u00f6l, st\u00e4rkendem Vitamin E Acetat. F\u00fcr alle Hauttypen geeignet. f\u00fcr alle Hauttypen samtiges Hautgef\u00fchl wertvolle Inhaltsstoffe<\/p><\/div>\n<div id=\"attachment_582\" style=\"width: 310px\" class=\"wp-caption alignleft\"><img aria-describedby=\"caption-attachment-582\" decoding=\"async\" loading=\"lazy\" class=\"wp-image-582 size-medium\" src=\"http:\/\/da-nailsdeluxe.de\/wp\/wp-content\/uploads\/2018\/03\/060100802-verkaufsdisplay-handcreme-hello-berlin-1-300x300.jpg\" alt=\"\" width=\"300\" height=\"300\" srcset=\"https:\/\/www.da-nailsdeluxe.de\/wp-content\/uploads\/2018\/03\/060100802-verkaufsdisplay-handcreme-hello-berlin-1-300x300.jpg 300w, https:\/\/www.da-nailsdeluxe.de\/wp-content\/uploads\/2018\/03\/060100802-verkaufsdisplay-handcreme-hello-berlin-1-150x150.jpg 150w, https:\/\/www.da-nailsdeluxe.de\/wp-content\/uploads\/2018\/03\/060100802-verkaufsdisplay-handcreme-hello-berlin-1.jpg 1000w\" sizes=\"(max-width: 300px) 100vw, 300px\" \/><p id=\"caption-attachment-582\" class=\"wp-caption-text\">Handcreme zum Trend Verf\u00fchrt die Haut und sorgt f\u00fcr einen schnellen Pflegekick. zieht schnell ein f\u00fcr jeden Hauttyp limitierte Edition<\/p><\/div>\n<div id=\"attachment_572\" style=\"width: 310px\" class=\"wp-caption alignleft\"><img aria-describedby=\"caption-attachment-572\" decoding=\"async\" loading=\"lazy\" class=\"wp-image-572 size-medium\" src=\"http:\/\/da-nailsdeluxe.de\/wp\/wp-content\/uploads\/2018\/03\/060800009-bodieguy-handcream-1-300x300.jpg\" alt=\"\" width=\"300\" height=\"300\" srcset=\"https:\/\/www.da-nailsdeluxe.de\/wp-content\/uploads\/2018\/03\/060800009-bodieguy-handcream-1-300x300.jpg 300w, https:\/\/www.da-nailsdeluxe.de\/wp-content\/uploads\/2018\/03\/060800009-bodieguy-handcream-1-150x150.jpg 150w, https:\/\/www.da-nailsdeluxe.de\/wp-content\/uploads\/2018\/03\/060800009-bodieguy-handcream-1.jpg 1000w\" sizes=\"(max-width: 300px) 100vw, 300px\" \/><p id=\"caption-attachment-572\" class=\"wp-caption-text\">Pflegende Handcreme f\u00fcr Ihn. Mit feuchtigkeitsspendendem Milchprotein, st\u00e4rkendem Biotin und der antioxidativen Anti-Aging-Power der Heidelbeere. F\u00fcr einen coolen Frischekick. F\u00fcr alle Hauttypen geeignet. Mit konzentriertem Urea, gut vertr\u00e4glichem Provitamin B5, sch\u00fctzendem Traubenkern\u00f6l, pflanzlichem Glycerin und zellerneuerndem Vitamin E. reichhaltig modisches Design wertvolle Inhaltsstoffe<\/p><\/div>\n<div id=\"attachment_569\" style=\"width: 310px\" class=\"wp-caption alignleft\"><img aria-describedby=\"caption-attachment-569\" decoding=\"async\" loading=\"lazy\" class=\"wp-image-569 size-medium\" src=\"http:\/\/da-nailsdeluxe.de\/wp\/wp-content\/uploads\/2018\/03\/060100163-hand-care-jojoba-balm-1-300x300.jpg\" alt=\"\" width=\"300\" height=\"300\" srcset=\"https:\/\/www.da-nailsdeluxe.de\/wp-content\/uploads\/2018\/03\/060100163-hand-care-jojoba-balm-1-300x300.jpg 300w, https:\/\/www.da-nailsdeluxe.de\/wp-content\/uploads\/2018\/03\/060100163-hand-care-jojoba-balm-1-150x150.jpg 150w, https:\/\/www.da-nailsdeluxe.de\/wp-content\/uploads\/2018\/03\/060100163-hand-care-jojoba-balm-1.jpg 1000w\" sizes=\"(max-width: 300px) 100vw, 300px\" \/><p id=\"caption-attachment-569\" class=\"wp-caption-text\">Reichhaltige Pflege f\u00fcr anspruchsvolle H\u00e4nde. F\u00fcr alle Hauttypen geeignet. Mit exklusiven und r\u00fcckfettenden Wirkstoffen. intensiv sch\u00fctzt lang anhaltend vor Feuchtigkeitsverlust gl\u00e4ttend<\/p><\/div>\n<div id=\"attachment_568\" style=\"width: 310px\" class=\"wp-caption alignleft\"><img aria-describedby=\"caption-attachment-568\" decoding=\"async\" loading=\"lazy\" class=\"wp-image-568 size-medium\" src=\"http:\/\/da-nailsdeluxe.de\/wp\/wp-content\/uploads\/2018\/03\/060100160-hand-care-aloe-vera-gel-1-300x300.jpg\" alt=\"\" width=\"300\" height=\"300\" srcset=\"https:\/\/www.da-nailsdeluxe.de\/wp-content\/uploads\/2018\/03\/060100160-hand-care-aloe-vera-gel-1-300x300.jpg 300w, https:\/\/www.da-nailsdeluxe.de\/wp-content\/uploads\/2018\/03\/060100160-hand-care-aloe-vera-gel-1-150x150.jpg 150w, https:\/\/www.da-nailsdeluxe.de\/wp-content\/uploads\/2018\/03\/060100160-hand-care-aloe-vera-gel-1.jpg 1000w\" sizes=\"(max-width: 300px) 100vw, 300px\" \/><p id=\"caption-attachment-568\" class=\"wp-caption-text\">Erfrischendes Gel f\u00fcr gestresste Haut. Frischekick f\u00fcr besonders empfindliche Haut. Mit beruhigender Aloe Vera, hautsch\u00fctzendem Vitamin E Acetat und Panthenol. hilft bei Sonnenbrand gl\u00e4ttend unterst\u00fctzt Neubildung der Hautzellen<\/p><\/div>\n<div id=\"attachment_567\" style=\"width: 310px\" class=\"wp-caption alignleft\"><img aria-describedby=\"caption-attachment-567\" decoding=\"async\" loading=\"lazy\" class=\"wp-image-567 size-medium\" src=\"http:\/\/da-nailsdeluxe.de\/wp\/wp-content\/uploads\/2018\/03\/060100157-hand-care-butter-1-300x300.jpg\" alt=\"\" width=\"300\" height=\"300\" srcset=\"https:\/\/www.da-nailsdeluxe.de\/wp-content\/uploads\/2018\/03\/060100157-hand-care-butter-1-300x300.jpg 300w, https:\/\/www.da-nailsdeluxe.de\/wp-content\/uploads\/2018\/03\/060100157-hand-care-butter-1-150x150.jpg 150w, https:\/\/www.da-nailsdeluxe.de\/wp-content\/uploads\/2018\/03\/060100157-hand-care-butter-1.jpg 1000w\" sizes=\"(max-width: 300px) 100vw, 300px\" \/><p id=\"caption-attachment-567\" class=\"wp-caption-text\">Intensivpflege bei sehr trockener Haut. F\u00fcr extrem beanspruchte H\u00e4nde. Mit Jojoba\u00f6l, Sheabutter, Vitamin E Acetat, kostbarem Argan\u00f6l und Panthenol. beugt Irritationen vor reichhaltig sch\u00fctzend<\/p><\/div>\n<div id=\"attachment_566\" style=\"width: 310px\" class=\"wp-caption alignleft\"><img aria-describedby=\"caption-attachment-566\" decoding=\"async\" loading=\"lazy\" class=\"wp-image-566 size-medium\" src=\"http:\/\/da-nailsdeluxe.de\/wp\/wp-content\/uploads\/2018\/03\/060100154-hand-care-handcream-1-300x300.jpg\" alt=\"\" width=\"300\" height=\"300\" srcset=\"https:\/\/www.da-nailsdeluxe.de\/wp-content\/uploads\/2018\/03\/060100154-hand-care-handcream-1-300x300.jpg 300w, https:\/\/www.da-nailsdeluxe.de\/wp-content\/uploads\/2018\/03\/060100154-hand-care-handcream-1-150x150.jpg 150w, https:\/\/www.da-nailsdeluxe.de\/wp-content\/uploads\/2018\/03\/060100154-hand-care-handcream-1.jpg 1000w\" sizes=\"(max-width: 300px) 100vw, 300px\" \/><p id=\"caption-attachment-566\" class=\"wp-caption-text\">Faltenreduzierende Handcreme. Mit sichtbarem Lifting-Effekt. Mit entz\u00fcndungshemmendem Panthenol, Oliven\u00f6l, Sheabutter, Kokos\u00f6l und sch\u00fctzendem Vitamin E Acetat. wirkt der Hautalterung entgegen geschmeidige Haut wertvolle Inhaltsstoffe<\/p><\/div>\n<div id=\"attachment_565\" style=\"width: 310px\" class=\"wp-caption alignleft\"><img aria-describedby=\"caption-attachment-565\" decoding=\"async\" loading=\"lazy\" class=\"wp-image-565 size-medium\" src=\"http:\/\/da-nailsdeluxe.de\/wp\/wp-content\/uploads\/2018\/03\/060100151-hand-care-mask-1-300x300.jpg\" alt=\"\" width=\"300\" height=\"300\" srcset=\"https:\/\/www.da-nailsdeluxe.de\/wp-content\/uploads\/2018\/03\/060100151-hand-care-mask-1-300x300.jpg 300w, https:\/\/www.da-nailsdeluxe.de\/wp-content\/uploads\/2018\/03\/060100151-hand-care-mask-1-150x150.jpg 150w, https:\/\/www.da-nailsdeluxe.de\/wp-content\/uploads\/2018\/03\/060100151-hand-care-mask-1.jpg 1000w\" sizes=\"(max-width: 300px) 100vw, 300px\" \/><p id=\"caption-attachment-565\" class=\"wp-caption-text\">Pflegende Maske f\u00fcr beanspruchte Haut. Mit feuchtigkeitsbindender Hyalurons\u00e4ure und geschmeidigmachender Sheabutter. Mit pflegendem Panthenol, reichhaltigem Avocado\u00f6l und heilender Aloe Vera. mit Vitaminen zarte, gepflegte Haut wertvolle Inhaltsstoffe<\/p><\/div>\n<div id=\"attachment_622\" style=\"width: 310px\" class=\"wp-caption alignleft\"><img aria-describedby=\"caption-attachment-622\" decoding=\"async\" loading=\"lazy\" class=\"wp-image-622 size-medium\" src=\"http:\/\/da-nailsdeluxe.de\/wp\/wp-content\/uploads\/2018\/03\/060300050-milk-and-honey-soap-1-300x300.jpg\" alt=\"\" width=\"300\" height=\"300\" srcset=\"https:\/\/www.da-nailsdeluxe.de\/wp-content\/uploads\/2018\/03\/060300050-milk-and-honey-soap-1-300x300.jpg 300w, https:\/\/www.da-nailsdeluxe.de\/wp-content\/uploads\/2018\/03\/060300050-milk-and-honey-soap-1-150x150.jpg 150w, https:\/\/www.da-nailsdeluxe.de\/wp-content\/uploads\/2018\/03\/060300050-milk-and-honey-soap-1.jpg 1000w\" sizes=\"(max-width: 300px) 100vw, 300px\" \/><p id=\"caption-attachment-622\" class=\"wp-caption-text\">Cremige Handwaschseife zur t\u00e4glichen Reinigung beanspruchter H\u00e4nde. Mit echtem Honig, Milchproteinen und Panthenol (Provitamin B5) wird die Haut mit Feuchtigkeit versorgt und gepflegt. Dermatologisch getestet, pH-hautneutral. hautpflegende Inhaltsstoffe milde Waschsubstanzen feuchtigkeitsspendend<\/p><\/div>\n<div id=\"attachment_621\" style=\"width: 310px\" class=\"wp-caption alignleft\"><img aria-describedby=\"caption-attachment-621\" decoding=\"async\" loading=\"lazy\" class=\"wp-image-621 size-medium\" src=\"http:\/\/da-nailsdeluxe.de\/wp\/wp-content\/uploads\/2018\/03\/050100031-handdesinfektionsspray-to-go-1-300x300.jpg\" alt=\"\" width=\"300\" height=\"300\" srcset=\"https:\/\/www.da-nailsdeluxe.de\/wp-content\/uploads\/2018\/03\/050100031-handdesinfektionsspray-to-go-1-300x300.jpg 300w, https:\/\/www.da-nailsdeluxe.de\/wp-content\/uploads\/2018\/03\/050100031-handdesinfektionsspray-to-go-1-150x150.jpg 150w, https:\/\/www.da-nailsdeluxe.de\/wp-content\/uploads\/2018\/03\/050100031-handdesinfektionsspray-to-go-1.jpg 1000w\" sizes=\"(max-width: 300px) 100vw, 300px\" \/><p id=\"caption-attachment-621\" class=\"wp-caption-text\">Spray f\u00fcr die Desinfektion zwischendurch und unterwegs. Das Hand Desinfektionsspray TO GO mit hautpflegendem Aloe Vera entfernt hochwirksam 99,9 % der Bakterien, Pilze und Viren. mit hautpflegendem Aloe Vera hochwirksam handlich<\/p><\/div>\n","protected":false},"excerpt":{"rendered":"","protected":false},"author":1,"featured_media":0,"parent":0,"menu_order":0,"comment_status":"closed","ping_status":"closed","template":"","meta":[],"_links":{"self":[{"href":"https:\/\/www.da-nailsdeluxe.de\/index.php?rest_route=\/wp\/v2\/pages\/78"}],"collection":[{"href":"https:\/\/www.da-nailsdeluxe.de\/index.php?rest_route=\/wp\/v2\/pages"}],"about":[{"href":"https:\/\/www.da-nailsdeluxe.de\/index.php?rest_route=\/wp\/v2\/types\/page"}],"author":[{"embeddable":true,"href":"https:\/\/www.da-nailsdeluxe.de\/index.php?rest_route=\/wp\/v2\/users\/1"}],"replies":[{"embeddable":true,"href":"https:\/\/www.da-nailsdeluxe.de\/index.php?rest_route=%2Fwp%2Fv2%2Fcomments&post=78"}],"version-history":[{"count":13,"href":"https:\/\/www.da-nailsdeluxe.de\/index.php?rest_route=\/wp\/v2\/pages\/78\/revisions"}],"predecessor-version":[{"id":755,"href":"https:\/\/www.da-nailsdeluxe.de\/index.php?rest_route=\/wp\/v2\/pages\/78\/revisions\/755"}],"wp:attachment":[{"href":"https:\/\/www.da-nailsdeluxe.de\/index.php?rest_route=%2Fwp%2Fv2%2Fmedia&parent=78"}],"curies":[{"name":"wp","href":"https:\/\/api.w.org\/{rel}","templated":true}]}}