{"id":577,"date":"2018-03-31T18:03:15","date_gmt":"2018-03-31T18:03:15","guid":{"rendered":"http:\/\/da-nailsdeluxe.de\/wp\/?page_id=577"},"modified":"2018-03-31T21:36:15","modified_gmt":"2018-03-31T21:36:15","slug":"classic-lac-zubehoer","status":"publish","type":"page","link":"https:\/\/www.da-nailsdeluxe.de\/?page_id=577","title":{"rendered":"Classic Lac &#038; Zubeh\u00f6r"},"content":{"rendered":"<div id=\"attachment_585\" style=\"width: 310px\" class=\"wp-caption alignleft\"><img aria-describedby=\"caption-attachment-585\" decoding=\"async\" loading=\"lazy\" class=\"wp-image-585 size-medium\" src=\"http:\/\/da-nailsdeluxe.de\/wp\/wp-content\/uploads\/2018\/03\/070100521-classic-lac-red-1-300x300.jpg\" alt=\"\" width=\"300\" height=\"300\" srcset=\"https:\/\/www.da-nailsdeluxe.de\/wp-content\/uploads\/2018\/03\/070100521-classic-lac-red-1-300x300.jpg 300w, https:\/\/www.da-nailsdeluxe.de\/wp-content\/uploads\/2018\/03\/070100521-classic-lac-red-1-150x150.jpg 150w, https:\/\/www.da-nailsdeluxe.de\/wp-content\/uploads\/2018\/03\/070100521-classic-lac-red-1.jpg 1000w\" sizes=\"(max-width: 300px) 100vw, 300px\" \/><p id=\"caption-attachment-585\" class=\"wp-caption-text\">Classic Lac Inhalt: 11 ml Ausdrucksstarke Farben. lang anhaltend hochdeckend angesagte Farben<\/p><\/div>\n<div id=\"attachment_598\" style=\"width: 310px\" class=\"wp-caption alignleft\"><img aria-describedby=\"caption-attachment-598\" decoding=\"async\" loading=\"lazy\" class=\"wp-image-598 size-medium\" src=\"http:\/\/da-nailsdeluxe.de\/wp\/wp-content\/uploads\/2018\/03\/130700075-classic-lac-selection-hello-berlin-1-300x300.jpg\" alt=\"\" width=\"300\" height=\"300\" srcset=\"https:\/\/www.da-nailsdeluxe.de\/wp-content\/uploads\/2018\/03\/130700075-classic-lac-selection-hello-berlin-1-300x300.jpg 300w, https:\/\/www.da-nailsdeluxe.de\/wp-content\/uploads\/2018\/03\/130700075-classic-lac-selection-hello-berlin-1-150x150.jpg 150w, https:\/\/www.da-nailsdeluxe.de\/wp-content\/uploads\/2018\/03\/130700075-classic-lac-selection-hello-berlin-1.jpg 1000w\" sizes=\"(max-width: 300px) 100vw, 300px\" \/><p id=\"caption-attachment-598\" class=\"wp-caption-text\">Classic Lac Selection F\u00fcnf Classic Lac&#8217;s Farben: hochdeckend angesagte Farben lang anhaltend<\/p><\/div>\n<div id=\"attachment_586\" style=\"width: 310px\" class=\"wp-caption alignleft\"><img aria-describedby=\"caption-attachment-586\" decoding=\"async\" loading=\"lazy\" class=\"wp-image-586 size-medium\" src=\"http:\/\/da-nailsdeluxe.de\/wp\/wp-content\/uploads\/2018\/03\/070400030-highgloss-top-coat-1-300x300.jpg\" alt=\"\" width=\"300\" height=\"300\" srcset=\"https:\/\/www.da-nailsdeluxe.de\/wp-content\/uploads\/2018\/03\/070400030-highgloss-top-coat-1-300x300.jpg 300w, https:\/\/www.da-nailsdeluxe.de\/wp-content\/uploads\/2018\/03\/070400030-highgloss-top-coat-1-150x150.jpg 150w, https:\/\/www.da-nailsdeluxe.de\/wp-content\/uploads\/2018\/03\/070400030-highgloss-top-coat-1.jpg 1000w\" sizes=\"(max-width: 300px) 100vw, 300px\" \/><p id=\"caption-attachment-586\" class=\"wp-caption-text\">Luxuri\u00f6ser hochgl\u00e4nzender \u00dcberlack. Der Highgloss Top Coat sorgt f\u00fcr hohe Haltbarkeit, ist schnell trocknend und ideal zum Versiegeln und Auffrischen von Catherine Classic Lac\u2018s und UV nail polishes. hochgl\u00e4nzend zum Versiegeln verbesserte Haltbarkeit<\/p><\/div>\n<div id=\"attachment_583\" style=\"width: 310px\" class=\"wp-caption alignleft\"><img aria-describedby=\"caption-attachment-583\" decoding=\"async\" loading=\"lazy\" class=\"wp-image-583 size-medium\" src=\"http:\/\/da-nailsdeluxe.de\/wp\/wp-content\/uploads\/2018\/03\/060200002-lac-remover-pen-1-300x300.jpg\" alt=\"\" width=\"300\" height=\"300\" srcset=\"https:\/\/www.da-nailsdeluxe.de\/wp-content\/uploads\/2018\/03\/060200002-lac-remover-pen-1-300x300.jpg 300w, https:\/\/www.da-nailsdeluxe.de\/wp-content\/uploads\/2018\/03\/060200002-lac-remover-pen-1-150x150.jpg 150w, https:\/\/www.da-nailsdeluxe.de\/wp-content\/uploads\/2018\/03\/060200002-lac-remover-pen-1.jpg 1000w\" sizes=\"(max-width: 300px) 100vw, 300px\" \/><p id=\"caption-attachment-583\" class=\"wp-caption-text\">Stift zum Korrigieren von kleinen Lackierfehlern. schnelles Lackentfernen einfach praktisch<\/p><\/div>\n<div id=\"attachment_594\" style=\"width: 310px\" class=\"wp-caption alignleft\"><img aria-describedby=\"caption-attachment-594\" decoding=\"async\" loading=\"lazy\" class=\"wp-image-594 size-medium\" src=\"http:\/\/da-nailsdeluxe.de\/wp\/wp-content\/uploads\/2018\/03\/078000001-soft-remover-100ml-1-300x300.jpg\" alt=\"\" width=\"300\" height=\"300\" srcset=\"https:\/\/www.da-nailsdeluxe.de\/wp-content\/uploads\/2018\/03\/078000001-soft-remover-100ml-1-300x300.jpg 300w, https:\/\/www.da-nailsdeluxe.de\/wp-content\/uploads\/2018\/03\/078000001-soft-remover-100ml-1-150x150.jpg 150w, https:\/\/www.da-nailsdeluxe.de\/wp-content\/uploads\/2018\/03\/078000001-soft-remover-100ml-1.jpg 1000w\" sizes=\"(max-width: 300px) 100vw, 300px\" \/><p id=\"caption-attachment-594\" class=\"wp-caption-text\">Schonender Farblack-Entferner f\u00fcr Naturn\u00e4gel. Entfernt Farblackschichten m\u00fchelos, schonend und sicher. schnell schonend f\u00fcr Naturn\u00e4gel<\/p><\/div>\n<div id=\"attachment_595\" style=\"width: 310px\" class=\"wp-caption alignleft\"><img aria-describedby=\"caption-attachment-595\" decoding=\"async\" loading=\"lazy\" class=\"wp-image-595 size-medium\" src=\"http:\/\/da-nailsdeluxe.de\/wp\/wp-content\/uploads\/2018\/03\/078000003-soft-remover-box-2-300x300.jpg\" alt=\"\" width=\"300\" height=\"300\" srcset=\"https:\/\/www.da-nailsdeluxe.de\/wp-content\/uploads\/2018\/03\/078000003-soft-remover-box-2-300x300.jpg 300w, https:\/\/www.da-nailsdeluxe.de\/wp-content\/uploads\/2018\/03\/078000003-soft-remover-box-2-150x150.jpg 150w, https:\/\/www.da-nailsdeluxe.de\/wp-content\/uploads\/2018\/03\/078000003-soft-remover-box-2.jpg 1000w\" sizes=\"(max-width: 300px) 100vw, 300px\" \/><p id=\"caption-attachment-595\" class=\"wp-caption-text\">Praktische Box zum Entfernen von Nagellack. Der pflegende Soft Remover entfernt Farblack m\u00fchelos, schonend und schnell von Naturn\u00e4geln. schnell schonend einfache Handhabung<\/p><\/div>\n<div id=\"attachment_596\" style=\"width: 310px\" class=\"wp-caption alignleft\"><img aria-describedby=\"caption-attachment-596\" decoding=\"async\" loading=\"lazy\" class=\"wp-image-596 size-medium\" src=\"http:\/\/da-nailsdeluxe.de\/wp\/wp-content\/uploads\/2018\/03\/078000004-remover-box-raspberry-2-300x300.jpg\" alt=\"\" width=\"300\" height=\"300\" srcset=\"https:\/\/www.da-nailsdeluxe.de\/wp-content\/uploads\/2018\/03\/078000004-remover-box-raspberry-2-300x300.jpg 300w, https:\/\/www.da-nailsdeluxe.de\/wp-content\/uploads\/2018\/03\/078000004-remover-box-raspberry-2-150x150.jpg 150w, https:\/\/www.da-nailsdeluxe.de\/wp-content\/uploads\/2018\/03\/078000004-remover-box-raspberry-2.jpg 1000w\" sizes=\"(max-width: 300px) 100vw, 300px\" \/><p id=\"caption-attachment-596\" class=\"wp-caption-text\">Praktische Box zum Entfernen von Nagellack. Der neue, acetonfreie Remover in der kleinen Variante sorgt f\u00fcr schnelles Ablackieren, ob zuhause oder unterwegs. Zus\u00e4tzlich pflegt der Remover mit Vitamin E und B5, trocknet damit die N\u00e4gel und Nagelhaut nicht aus und duftet nach Himbeeren. praktisch schnelle Entfernung acetonfrei<\/p><\/div>\n","protected":false},"excerpt":{"rendered":"","protected":false},"author":2,"featured_media":0,"parent":0,"menu_order":0,"comment_status":"closed","ping_status":"closed","template":"","meta":[],"_links":{"self":[{"href":"https:\/\/www.da-nailsdeluxe.de\/index.php?rest_route=\/wp\/v2\/pages\/577"}],"collection":[{"href":"https:\/\/www.da-nailsdeluxe.de\/index.php?rest_route=\/wp\/v2\/pages"}],"about":[{"href":"https:\/\/www.da-nailsdeluxe.de\/index.php?rest_route=\/wp\/v2\/types\/page"}],"author":[{"embeddable":true,"href":"https:\/\/www.da-nailsdeluxe.de\/index.php?rest_route=\/wp\/v2\/users\/2"}],"replies":[{"embeddable":true,"href":"https:\/\/www.da-nailsdeluxe.de\/index.php?rest_route=%2Fwp%2Fv2%2Fcomments&post=577"}],"version-history":[{"count":11,"href":"https:\/\/www.da-nailsdeluxe.de\/index.php?rest_route=\/wp\/v2\/pages\/577\/revisions"}],"predecessor-version":[{"id":684,"href":"https:\/\/www.da-nailsdeluxe.de\/index.php?rest_route=\/wp\/v2\/pages\/577\/revisions\/684"}],"wp:attachment":[{"href":"https:\/\/www.da-nailsdeluxe.de\/index.php?rest_route=%2Fwp%2Fv2%2Fmedia&parent=577"}],"curies":[{"name":"wp","href":"https:\/\/api.w.org\/{rel}","templated":true}]}}