{"id":547,"date":"2018-03-30T22:48:01","date_gmt":"2018-03-30T22:48:01","guid":{"rendered":"http:\/\/da-nailsdeluxe.de\/wp\/?page_id=547"},"modified":"2022-11-19T20:33:24","modified_gmt":"2022-11-19T20:33:24","slug":"auszeichnungen","status":"publish","type":"page","link":"https:\/\/www.da-nailsdeluxe.de\/?page_id=547","title":{"rendered":"Auszeichnungen"},"content":{"rendered":"<p><img decoding=\"async\" loading=\"lazy\" class=\"wp-image-602 alignleft\" src=\"http:\/\/da-nailsdeluxe.de\/wp\/wp-content\/uploads\/2018\/03\/IMG_5423-1-683x1024.jpg\" alt=\"\" width=\"376\" height=\"564\" srcset=\"https:\/\/www.da-nailsdeluxe.de\/wp-content\/uploads\/2018\/03\/IMG_5423-1-683x1024.jpg 683w, https:\/\/www.da-nailsdeluxe.de\/wp-content\/uploads\/2018\/03\/IMG_5423-1-100x150.jpg 100w, https:\/\/www.da-nailsdeluxe.de\/wp-content\/uploads\/2018\/03\/IMG_5423-1-200x300.jpg 200w, https:\/\/www.da-nailsdeluxe.de\/wp-content\/uploads\/2018\/03\/IMG_5423-1.jpg 800w\" sizes=\"(max-width: 376px) 100vw, 376px\" \/><\/p>\n<p><span style=\"font-size: medium;\">Haben was nicht jeder hat &#8211; Catherine Nail Collection verleiht den besten Studios die Auszeichnung Elitestudio<\/span><\/p>\n<p align=\"left\"><span style=\"font-size: medium;\">Exklusivit\u00e4t, Professionalit\u00e4t und umfangreiches Fachwissen kennzeichnen die Nagelstudios, die die Auszeichnung Catherine Elitestudio erhalten. <\/span><\/p>\n<p align=\"left\"><span style=\"font-size: medium;\">Anhand eines umfangreichen und strengen Kriterienkataloges wird Jahr f\u00fcr Jahr aufs Neue entschieden, welches Catherine Studio die begehrte Auszeichnung Elitestudio erh\u00e4lt. Vergleichbar zu den bekannten Restaurantsternen des Guide Michelin findet auch bei den Catherine Elitestudios eine detaillierte Klassifizierung statt, die von 1 Nagel bis 5 N\u00e4gel reicht. <\/span><\/p>\n<p align=\"left\"><span style=\"font-size: medium;\">Die Anzahl der N\u00e4gel entscheidet \u00fcber den Namenszusatz: Master (1 Nagel), Premium (2 N\u00e4gel), Elegance (3 N\u00e4gel), Avantgarde (4 N\u00e4gel), Noblesse (5 N\u00e4gel).<\/span><\/p>\n<p align=\"left\"><span style=\"font-size: medium;\">Aktuell k\u00f6nnen sich 38 Catherine Nagelstudios in Deutschland mit der Auszeichnung Elitestudio schm\u00fccken.\u00a0<\/span><\/p>\n<p align=\"left\">\n<p align=\"left\"><img decoding=\"async\" loading=\"lazy\" class=\"alignnone wp-image-603\" src=\"https:\/\/www.da-nailsdeluxe.de\/wp-content\/uploads\/2018\/03\/urkunde-schild-elitestudio-300x212.jpg\" alt=\"\" width=\"370\" height=\"261\" srcset=\"https:\/\/www.da-nailsdeluxe.de\/wp-content\/uploads\/2018\/03\/urkunde-schild-elitestudio-300x212.jpg 300w, https:\/\/www.da-nailsdeluxe.de\/wp-content\/uploads\/2018\/03\/urkunde-schild-elitestudio-150x106.jpg 150w, https:\/\/www.da-nailsdeluxe.de\/wp-content\/uploads\/2018\/03\/urkunde-schild-elitestudio.jpg 842w\" sizes=\"(max-width: 370px) 100vw, 370px\" \/> <img decoding=\"async\" loading=\"lazy\" class=\"alignnone wp-image-604\" src=\"https:\/\/www.da-nailsdeluxe.de\/wp-content\/uploads\/2018\/03\/Zertifikat-Catherine-Hygiene-300x212.jpg\" alt=\"\" width=\"370\" height=\"261\" srcset=\"https:\/\/www.da-nailsdeluxe.de\/wp-content\/uploads\/2018\/03\/Zertifikat-Catherine-Hygiene-300x212.jpg 300w, https:\/\/www.da-nailsdeluxe.de\/wp-content\/uploads\/2018\/03\/Zertifikat-Catherine-Hygiene-150x106.jpg 150w, https:\/\/www.da-nailsdeluxe.de\/wp-content\/uploads\/2018\/03\/Zertifikat-Catherine-Hygiene.jpg 800w\" sizes=\"(max-width: 370px) 100vw, 370px\" \/><\/p>\n<p style=\"text-align: left;\"><img decoding=\"async\" class=\"aligncenter size-medium wp-image-440\" src=\"http:\/\/da-nailsdeluxe.de\/wp\/wp-content\/uploads\/2015\/05\/IMG_5423-200x300.jpg\" alt=\"\" height=\"800\" srcset=\"https:\/\/www.da-nailsdeluxe.de\/wp-content\/uploads\/2015\/05\/IMG_5423-200x300.jpg 200w, https:\/\/www.da-nailsdeluxe.de\/wp-content\/uploads\/2015\/05\/IMG_5423-100x150.jpg 100w, https:\/\/www.da-nailsdeluxe.de\/wp-content\/uploads\/2015\/05\/IMG_5423-683x1024.jpg 683w, https:\/\/www.da-nailsdeluxe.de\/wp-content\/uploads\/2015\/05\/IMG_5423.jpg 800w\" sizes=\"(max-width: 200px) 100vw, 200px\" \/><\/p>\n","protected":false},"excerpt":{"rendered":"<p>Haben was nicht jeder hat &#8211; Catherine Nail Collection verleiht den besten Studios die Auszeichnung Elitestudio Exklusivit\u00e4t, Professionalit\u00e4t und umfangreiches Fachwissen kennzeichnen die Nagelstudios, die die Auszeichnung Catherine Elitestudio erhalten. Anhand eines umfangreichen und strengen Kriterienkataloges wird Jahr f\u00fcr Jahr aufs Neue entschieden, welches Catherine Studio die begehrte Auszeichnung Elitestudio erh\u00e4lt. Vergleichbar zu den bekannten<\/p>\n<p><a href=\"https:\/\/www.da-nailsdeluxe.de\/?page_id=547\" class=\"more-link themebutton\">Read More<\/a><\/p>\n","protected":false},"author":2,"featured_media":0,"parent":0,"menu_order":0,"comment_status":"closed","ping_status":"closed","template":"","meta":[],"_links":{"self":[{"href":"https:\/\/www.da-nailsdeluxe.de\/index.php?rest_route=\/wp\/v2\/pages\/547"}],"collection":[{"href":"https:\/\/www.da-nailsdeluxe.de\/index.php?rest_route=\/wp\/v2\/pages"}],"about":[{"href":"https:\/\/www.da-nailsdeluxe.de\/index.php?rest_route=\/wp\/v2\/types\/page"}],"author":[{"embeddable":true,"href":"https:\/\/www.da-nailsdeluxe.de\/index.php?rest_route=\/wp\/v2\/users\/2"}],"replies":[{"embeddable":true,"href":"https:\/\/www.da-nailsdeluxe.de\/index.php?rest_route=%2Fwp%2Fv2%2Fcomments&post=547"}],"version-history":[{"count":36,"href":"https:\/\/www.da-nailsdeluxe.de\/index.php?rest_route=\/wp\/v2\/pages\/547\/revisions"}],"predecessor-version":[{"id":813,"href":"https:\/\/www.da-nailsdeluxe.de\/index.php?rest_route=\/wp\/v2\/pages\/547\/revisions\/813"}],"wp:attachment":[{"href":"https:\/\/www.da-nailsdeluxe.de\/index.php?rest_route=%2Fwp%2Fv2%2Fmedia&parent=547"}],"curies":[{"name":"wp","href":"https:\/\/api.w.org\/{rel}","templated":true}]}}