{"id":523,"date":"2018-03-30T21:33:22","date_gmt":"2018-03-30T21:33:22","guid":{"rendered":"http:\/\/da-nailsdeluxe.de\/wp\/?page_id=523"},"modified":"2020-02-18T18:45:02","modified_gmt":"2020-02-18T18:45:02","slug":"preisliste","status":"publish","type":"page","link":"https:\/\/www.da-nailsdeluxe.de\/?page_id=523","title":{"rendered":"Preisliste"},"content":{"rendered":"<p style=\"text-align: center;\" align=\"center\"><span style=\"color: #000000;\"><span style=\"font-family: 'Aphrodite Text', monospace;\"><span style=\"font-size: xx-large;\"><b>Studiopreisliste<\/b><\/span><\/span><\/span><\/p>\n<p style=\"text-align: center;\" align=\"center\"><span style=\"color: #ff0000;\"><span style=\"font-family: HelveticaNeueLTW1G-Lt, sans-serif;\"><span style=\"font-size: medium;\"><b>Dienstleistugen<\/b><\/span><\/span><\/span><\/p>\n<p style=\"text-align: center;\" align=\"left\"><span style=\"color: #000000;\"><span style=\"font-family: HelveticaNeueLTW1G-Lt, sans-serif;\"><span style=\"font-size: medium;\">Neumodelage&#8230;&#8230;&#8230;&#8230;&#8230;&#8230;&#8230;&#8230;&#8230;&#8230;&#8230;&#8230;&#8230;&#8230;.61,00 \u20ac<\/span><\/span><\/span><\/p>\n<p style=\"text-align: center;\" align=\"left\"><span style=\"color: #000000;\"><span style=\"font-family: HelveticaNeueLTW1G-Lt, sans-serif;\"><span style=\"font-size: medium;\">Nail Forming&#8230;&#8230;&#8230;&#8230;&#8230;&#8230;&#8230;&#8230;&#8230;&#8230;&#8230;&#8230;&#8230;&#8230;.. 51,00 \u20ac<\/span><\/span><\/span><\/p>\n<p style=\"text-align: center;\" align=\"left\"><span style=\"color: #000000;\"><span style=\"font-family: HelveticaNeueLTW1G-Lt, sans-serif;\"><span style=\"font-size: medium;\">Classic Modelage&#8230;&#8230;&#8230;&#8230;&#8230;&#8230;&#8230;&#8230;&#8230;&#8230;&#8230;&#8230; 51,00 \u20ac<\/span><\/span><\/span><\/p>\n<p style=\"text-align: center;\" align=\"left\"><span style=\"color: #000000;\"><span style=\"font-family: HelveticaNeueLTW1G-Lt, sans-serif;\"><span style=\"font-size: medium;\">Verl\u00e4ngerung mit Schablone&#8230; &#8230;&#8230;..plus 10,00 \u20ac<\/span><\/span><\/span><\/p>\n<p style=\"text-align: center;\" align=\"left\"><span style=\"color: #000000;\"><span style=\"font-family: HelveticaNeueLTW1G-Lt, sans-serif;\"><span style=\"font-size: medium;\">VIP Service<\/span><\/span><\/span><\/p>\n<p style=\"text-align: center;\" align=\"left\"><span style=\"color: #000000;\"><span style=\"font-family: HelveticaNeueLTW1G-Lt, sans-serif;\"><span style=\"font-size: medium;\">inh 3 Wochen \u2026&#8230;&#8230;&#8230;..abzgl. Bonus 10,00 \u20ac<\/span><\/span><\/span><\/p>\n<p style=\"text-align: center;\" align=\"left\"><span style=\"color: #000000;\"><span style=\"font-family: HelveticaNeueLTW1G-Lt, sans-serif;\"><span style=\"font-size: medium;\">New Style \/ Stiletto Modelage&#8230;&#8230;&#8230;&#8230;&#8230;.. ab 89,00 \u20ac<\/span><\/span><\/span><\/p>\n<p style=\"text-align: center;\" align=\"left\"><span style=\"color: #000000;\"><span style=\"font-family: HelveticaNeueLTW1G-Lt, sans-serif;\"><span style=\"font-size: medium;\">French Look white &amp; color&#8230;&#8230;&#8230;&#8230;&#8230;&#8230;&#8230;.. 10,00 \u20ac<\/span><\/span><\/span><\/p>\n<p style=\"text-align: center;\" align=\"left\"><span style=\"color: #000000;\"><span style=\"font-family: HelveticaNeueLTW1G-Lt, sans-serif;\"><span style=\"font-size: medium;\">Full Look color&#8230;&#8230;&#8230;&#8230;&#8230;&#8230;&#8230;&#8230;&#8230;&#8230;&#8230;&#8230;&#8230;.. 12,00 \u20ac<\/span><\/span><\/span><\/p>\n<p style=\"text-align: center;\" align=\"left\"><span style=\"color: #000000;\"><span style=\"font-family: HelveticaNeueLTW1G-Lt, sans-serif;\"><span style=\"font-size: medium;\">Full Look color + French Look. &#8230;&#8230;&#8230;&#8230;&#8230;..16,00 \u20ac<\/span><\/span><\/span><\/p>\n<p style=\"text-align: center;\"><span style=\"color: #000000;\"><span style=\"font-family: HelveticaNeueLTW1G-Lt, sans-serif;\"><span style=\"font-size: medium;\">Nail Art je nach Aufwand&#8230;von 3,00 \u20ac bis 15,00 \u20ac<\/span><\/span><\/span><\/p>\n<p style=\"text-align: center;\"><span style=\"color: #000000;\"><span style=\"font-family: HelveticaNeueLTW1G-Lt, sans-serif;\"><span style=\"font-size: medium;\">Modell&#8230;&#8230;&#8230;&#8230;&#8230;&#8230;&#8230;&#8230;&#8230;&#8230;&#8230;&#8230;&#8230;&#8230;&#8230;&#8230;.29.00 \u20ac<\/span><\/span><\/span><\/p>\n<p style=\"text-align: center;\" align=\"center\"><span style=\"color: #ff0000;\"><span style=\"font-family: HelveticaNeueLTW1G-Lt, sans-serif;\"><span style=\"font-size: medium;\">Nagelpflege<\/span><\/span><\/span><\/p>\n<p style=\"text-align: center;\"><span style=\"color: #000000;\"><span style=\"font-family: HelveticaNeueLTW1G-Lt, sans-serif;\"><span style=\"font-size: medium;\">Manik\u00fcre f\u00fcr Sie &amp; Ihn&#8230;&#8230;&#8230;&#8230;&#8230;&#8230;&#8230;&#8230;&#8230;..21,00 \u20ac<\/span><\/span><\/span><\/p>\n<p style=\"text-align: center;\"><span style=\"color: #000000;\"><span style=\"font-family: HelveticaNeueLTW1G-Lt, sans-serif;\"><span style=\"font-size: medium;\">Lackieren und Versiegeln &#8230;&#8230;&#8230;&#8230;&#8230;&#8230;&#8230;..8,00 \u20ac<\/span><\/span><\/span><\/p>\n<p style=\"text-align: center;\"><span style=\"color: #000000;\"><span style=\"font-family: HelveticaNeueLTW1G-Lt, sans-serif;\"><span style=\"font-size: medium;\">Lackieren und Versiegeln<\/span><\/span><\/span><\/p>\n<p style=\"text-align: center;\"><span style=\"color: #000000;\"><span style=\"font-family: HelveticaNeueLTW1G-Lt, sans-serif;\"><span style=\"font-size: medium;\">inkl. Classic Lac&#8230;&#8230;&#8230;&#8230;&#8230;&#8230;&#8230;&#8230;&#8230;&#8230;&#8230;&#8230;.. 15,00 \u20ac<\/span><\/span><\/span><\/p>\n<p style=\"text-align: center;\" align=\"center\"><span style=\"color: #ff0000;\"><span style=\"font-family: HelveticaNeueLTW1G-Lt, sans-serif;\"><span style=\"font-size: medium;\">Wellnessbehandlungen<\/span><\/span><\/span><\/p>\n<p style=\"text-align: center;\" align=\"left\"><span style=\"color: #000000;\"><span style=\"font-family: HelveticaNeueLTW1G-Lt, sans-serif;\"><span style=\"font-size: medium;\">Golden Energy&#8230;&#8230;&#8230;&#8230;&#8230;&#8230;&#8230;&#8230;&#8230;&#8230;&#8230;&#8230;&#8230; 18,00 \u20ac<\/span><\/span><\/span><\/p>\n<p style=\"text-align: center;\" align=\"left\"><span style=\"color: #000000;\"><span style=\"font-family: HelveticaNeueLTW1G-Lt, sans-serif;\"><span style=\"font-size: medium;\">Peeling \u2026&#8230;&#8230;&#8230;&#8230;&#8230;&#8230;&#8230;&#8230;&#8230;&#8230;&#8230;&#8230;&#8230;&#8230;&#8230;&#8230;.5,00 \u20ac<\/span><\/span><\/span><\/p>\n<p style=\"text-align: center;\" align=\"left\"><span style=\"color: #000000;\"><span style=\"font-family: HelveticaNeueLTW1G-Lt, sans-serif;\"><span style=\"font-size: medium;\">Peeling + Massage \u2026&#8230;&#8230;&#8230;&#8230;&#8230;&#8230;&#8230;&#8230;&#8230;..16,00 \u20ac<\/span><\/span><\/span><\/p>\n<p style=\"text-align: center;\" align=\"left\"><span style=\"color: #000000;\"><span style=\"font-family: HelveticaNeueLTW1G-Lt, sans-serif;\"><span style=\"font-size: medium;\">Kuschelpackung \u2026&#8230;&#8230;&#8230;&#8230;&#8230;&#8230;&#8230;&#8230;&#8230;&#8230;.. 18,00 \u20ac<\/span><\/span><\/span><\/p>\n<p style=\"text-align: center;\" align=\"center\"><span style=\"color: #ff3333;\"><span style=\"font-family: HelveticaNeueLTW1G-Lt, sans-serif;\"><span style=\"font-size: medium;\">Classic Lac<\/span><\/span><\/span><\/p>\n<p style=\"text-align: center;\" align=\"center\"><span style=\"color: #000000;\"><span style=\"font-family: HelveticaNeueLTW1G-Lt, sans-serif;\"><span style=\"font-size: small;\">immer sch\u00f6ne N\u00e4gel<\/span><\/span><\/span><\/p>\n<p style=\"text-align: center;\" align=\"left\"><span style=\"color: #000000;\"><span style=\"font-family: HelveticaNeueLTW1G-Lt, sans-serif;\"><span style=\"font-size: medium;\">Classic Lac, 11 ml&#8230;&#8230;&#8230;&#8230;&#8230;&#8230;&#8230;&#8230;&#8230;&#8230;&#8230;&#8230;. je 12,95 \u20ac<\/span><\/span><\/span><\/p>\n<p style=\"text-align: center;\" align=\"left\"><span style=\"color: #000000;\"><span style=\"font-family: HelveticaNeueLTW1G-Lt, sans-serif;\"><span style=\"font-size: medium;\">Classic Lac Selection&#8230;&#8230;&#8230;&#8230;&#8230;&#8230;&#8230;&#8230;&#8230;&#8230;&#8230;&#8230; 51,80 \u20ac<\/span><\/span><\/span><\/p>\n<p style=\"text-align: center;\" align=\"left\"><span style=\"color: #000000;\"><span style=\"font-family: HelveticaNeueLTW1G-Lt, sans-serif;\"><span style=\"font-size: medium;\">Nagelfeilen&#8230;&#8230;&#8230;&#8230;&#8230;&#8230;&#8230;&#8230;&#8230;&#8230;&#8230;&#8230;&#8230;&#8230;&#8230;&#8230;.. je 5,00 \u20ac<\/span><\/span><\/span><\/p>\n<p style=\"text-align: center;\" align=\"left\"><span style=\"color: #000000;\"><span style=\"font-family: HelveticaNeueLTW1G-Lt, sans-serif;\"><span style=\"font-size: medium;\">Remover Box raspberry, 50 ml&#8230;&#8230;&#8230;&#8230;&#8230;&#8230;&#8230;.. 5,90 \u20ac<\/span><\/span><\/span><\/p>\n<p style=\"text-align: center;\" align=\"left\"><span style=\"color: #000000;\"><span style=\"font-family: HelveticaNeueLTW1G-Lt, sans-serif;\"><span style=\"font-size: medium;\">Soft Remover Box, 100 ml&#8230;&#8230;&#8230;&#8230;&#8230;&#8230;&#8230;&#8230;&#8230;&#8230; 8,50 \u20ac<\/span><\/span><\/span><\/p>\n<p style=\"text-align: center;\" align=\"left\"><span style=\"color: #000000;\"><span style=\"font-family: HelveticaNeueLTW1G-Lt, sans-serif;\"><span style=\"font-size: medium;\">Soft Remover &amp; Remover, 100 ml&#8230;&#8230;&#8230;&#8230;&#8230; je 9,95 \u20ac<\/span><\/span><\/span><\/p>\n<p style=\"text-align: center;\" align=\"left\"><span style=\"color: #000000;\"><span style=\"font-family: HelveticaNeueLTW1G-Lt, sans-serif;\"><span style=\"font-size: medium;\">Lac Remover Pen&#8230;&#8230;&#8230;&#8230;&#8230;&#8230;&#8230;&#8230;&#8230;&#8230;&#8230;&#8230;&#8230;&#8230;..9,95 \u20ac<\/span><\/span><\/span><\/p>\n<p style=\"text-align: center;\" align=\"center\"><span style=\"color: #ff3333;\"><span style=\"font-family: HelveticaNeueLTW1G-Lt, sans-serif;\"><span style=\"font-size: medium;\">Nail Care<\/span><\/span><\/span><\/p>\n<p style=\"text-align: center;\" align=\"center\"><span style=\"color: #000000;\"><span style=\"font-family: HelveticaNeueLTW1G-Lt, sans-serif;\"><span style=\"font-size: small;\">gepflegte N\u00e4gel<\/span><\/span><\/span><\/p>\n<p style=\"text-align: center;\" align=\"left\"><span style=\"color: #000000;\"><span style=\"font-family: HelveticaNeueLTW1G-Lt, sans-serif;\"><span style=\"font-size: medium;\">Nagel Keratin Komplex, 5 Ampullen&#8230;&#8230;&#8230;&#8230;. 20,50 \u20ac<\/span><\/span><\/span><\/p>\n<p style=\"text-align: center;\" align=\"left\"><span style=\"color: #000000;\"><span style=\"font-family: HelveticaNeueLTW1G-Lt, sans-serif;\"><span style=\"font-size: medium;\">Nagel Keratin Komplex&#8230;30ml&#8230;&#8230;&#8230;&#8230;&#8230;&#8230;&#8230;..69,00 \u20ac<\/span><\/span><\/span><\/p>\n<p style=\"text-align: center;\" align=\"left\"><span style=\"color: #000000;\"><span style=\"font-family: HelveticaNeueLTW1G-Lt, sans-serif;\"><span style=\"font-size: medium;\">Pflegelacke 11ml \u2026&#8230;&#8230;&#8230;&#8230;&#8230;&#8230;&#8230;&#8230;&#8230;&#8230;&#8230;&#8230;.je 9,95 \u20ac<\/span><\/span><\/span><\/p>\n<p style=\"text-align: center;\" align=\"left\"><span style=\"color: #000000;\"><span style=\"font-family: HelveticaNeueLTW1G-Lt, sans-serif;\"><span style=\"font-size: small;\">Calcium Base, Ridge Filler, Top Coat, Matt Coat, Oil Aloe<\/span><\/span><\/span><\/p>\n<p style=\"text-align: center;\" align=\"left\"><span style=\"color: #000000;\"><span style=\"font-family: HelveticaNeueLTW1G-Lt, sans-serif;\"><span style=\"font-size: medium;\">Nail Repair Pen&#8230;&#8230;&#8230;&#8230;&#8230;&#8230;&#8230;&#8230;&#8230;&#8230;&#8230;&#8230;&#8230;&#8230;&#8230;.. 9,95 \u20ac<\/span><\/span><\/span><\/p>\n<p style=\"text-align: center;\" align=\"center\"><span style=\"color: #ff3333;\"><span style=\"font-family: HelveticaNeueLTW1G-Lt, sans-serif;\"><span style=\"font-size: medium;\">Hand Care<\/span><\/span><\/span><\/p>\n<p style=\"text-align: center;\" align=\"center\"><span style=\"color: #000000;\"><span style=\"font-family: HelveticaNeueLTW1G-Lt, sans-serif;\"><span style=\"font-size: small;\">sch\u00f6ne H\u00e4nde<\/span><\/span><\/span><\/p>\n<p style=\"text-align: center;\" align=\"left\"><span style=\"color: #000000;\"><span style=\"font-family: HelveticaNeueLTW1G-Lt, sans-serif;\"><span style=\"font-size: medium;\">Golden Hand Care&#8230;50ml &#8230;&#8230;&#8230;&#8230;&#8230;&#8230;&#8230;&#8230; je 16,50 \u20ac<\/span><\/span><\/span><\/p>\n<p style=\"text-align: center;\" align=\"left\"><span style=\"color: #000000;\"><span style=\"font-family: HelveticaNeueLTW1G-Lt, sans-serif;\"><span style=\"font-size: medium;\">Hand Care Peeling&#8230;&#8230;&#8230;&#8230;&#8230;&#8230;&#8230;&#8230;&#8230;&#8230;&#8230;&#8230;&#8230;.12,50 \u20ac<\/span><\/span><\/span><\/p>\n<p style=\"text-align: center;\" align=\"left\"><span style=\"color: #000000;\"><span style=\"font-family: HelveticaNeueLTW1G-Lt, sans-serif;\"><span style=\"font-size: medium;\">Trendhandcreme,&#8230;&#8230;&#8230;&#8230;&#8230;&#8230;&#8230;&#8230;&#8230;&#8230;&#8230;&#8230;&#8230;&#8230;. 8,50 \u20ac<\/span><\/span><\/span><\/p>\n<p style=\"text-align: center;\" align=\"left\"><span style=\"color: #000000;\"><span style=\"font-family: HelveticaNeueLTW1G-Lt, sans-serif;\"><span style=\"font-size: medium;\">Bodie Guy Handcream, 50 ml&#8230;&#8230;&#8230;&#8230;&#8230;&#8230;&#8230;.. 16,50 \u20ac<\/span><\/span><\/span><\/p>\n<p style=\"text-align: center;\" align=\"left\"><span style=\"color: #000000;\"><span style=\"font-family: HelveticaNeueLTW1G-Lt, sans-serif;\"><span style=\"font-size: medium;\">Quartett 4 Spender a\u00b450 ml&#8230;&#8230;&#8230;&#8230;&#8230;&#8230;&#8230;&#8230;..59,90 \u20ac<\/span><\/span><\/span><\/p>\n<p style=\"text-align: center;\" align=\"left\"><span style=\"color: #000000;\"><span style=\"font-family: HelveticaNeueLTW1G-Lt, sans-serif;\"><span style=\"font-size: medium;\">Hand Desinfektionsspray TO GO, 15 ml&#8230;&#8230;&#8230; 3,90 \u20ac<\/span><\/span><\/span><\/p>\n<p style=\"text-align: center;\" align=\"left\"><span style=\"color: #000000;\"><span style=\"font-family: HelveticaNeueLTW1G-Lt, sans-serif;\"><span style=\"font-size: medium;\">Milk &amp; Honey Soap 500ml&#8230;&#8230;&#8230;&#8230;&#8230;&#8230;&#8230;&#8230;&#8230;&#8230;13,90 \u20ac<\/span><\/span><\/span><\/p>\n<p style=\"text-align: center;\" align=\"center\"><span style=\"color: #ff3333;\"><span style=\"font-family: HelveticaNeueLTW1G-Lt, sans-serif;\"><span style=\"font-size: medium;\">Foot Care <\/span><\/span><\/span><\/p>\n<p style=\"text-align: center;\" align=\"center\"><span style=\"color: #000000;\"><span style=\"font-family: HelveticaNeueLTW1G-Lt, sans-serif;\"><span style=\"font-size: small;\">Entspannung f\u00fcr die F\u00fc\u00dfe<\/span><\/span><\/span><\/p>\n<p style=\"text-align: center;\" align=\"left\"><span style=\"color: #000000;\"><span style=\"font-family: HelveticaNeueLTW1G-Lt, sans-serif;\"><span style=\"font-size: medium;\">Wellvet Frozen Ice Spray, 75 ml&#8230;&#8230;&#8230;&#8230;&#8230;&#8230;&#8230; 9,90 \u20ac<\/span><\/span><\/span><\/p>\n<p style=\"text-align: center;\" align=\"left\"><span style=\"color: #000000;\"><span style=\"font-family: HelveticaNeueLTW1G-Lt, sans-serif;\"><span style=\"font-size: medium;\">Wellvet Hydro Mousse, 150 ml&#8230;&#8230;&#8230;&#8230;&#8230;&#8230;&#8230; 18,00 \u20ac<\/span><\/span><\/span><\/p>\n<p style=\"text-align: center;\" align=\"left\"><span style=\"color: #000000;\"><span style=\"font-family: HelveticaNeueLTW1G-Lt, sans-serif;\"><span style=\"font-size: medium;\">Wellvet Peeling, Bath, Ice Gel \u2026&#8230;&#8230;&#8230;&#8230;..je 14,90 \u20ac<\/span><\/span><\/span><\/p>\n<p style=\"text-align: center;\" align=\"left\"><span style=\"color: #000000;\"><span style=\"font-family: HelveticaNeueLTW1G-Lt, sans-serif;\"><span style=\"font-size: medium;\">Microplane Premium Fu\u00dffeile&#8230;&#8230;&#8230;&#8230;&#8230;&#8230;&#8230;.. 19,95 \u20ac<\/span><\/span><\/span><\/p>\n<p style=\"text-align: center;\" align=\"left\"><span style=\"color: #000000;\"><span style=\"font-family: HelveticaNeueLTW1G-Lt, sans-serif;\"><span style=\"font-size: medium;\">Catherine No.2 Eau de Parfum, 15 ml&#8230;&#8230;&#8230;. 29,00 \u20ac<\/span><\/span><\/span><\/p>\n<p style=\"text-align: center;\" align=\"left\"><span style=\"color: #000000;\"><span style=\"font-family: HelveticaNeueLTW1G-Lt, sans-serif;\"><span style=\"font-size: medium;\">Catherine No.2 Eau de Parfum, 50 ml&#8230;&#8230;&#8230;. 69,00 \u20ac<\/span><\/span><\/span><\/p>\n","protected":false},"excerpt":{"rendered":"<p>Studiopreisliste Dienstleistugen Neumodelage&#8230;&#8230;&#8230;&#8230;&#8230;&#8230;&#8230;&#8230;&#8230;&#8230;&#8230;&#8230;&#8230;&#8230;.61,00 \u20ac Nail Forming&#8230;&#8230;&#8230;&#8230;&#8230;&#8230;&#8230;&#8230;&#8230;&#8230;&#8230;&#8230;&#8230;&#8230;.. 51,00 \u20ac Classic Modelage&#8230;&#8230;&#8230;&#8230;&#8230;&#8230;&#8230;&#8230;&#8230;&#8230;&#8230;&#8230; 51,00 \u20ac Verl\u00e4ngerung mit Schablone&#8230; &#8230;&#8230;..plus 10,00 \u20ac VIP Service inh 3 Wochen \u2026&#8230;&#8230;&#8230;..abzgl. Bonus 10,00 \u20ac New Style \/ Stiletto Modelage&#8230;&#8230;&#8230;&#8230;&#8230;.. ab 89,00 \u20ac French Look white &amp; color&#8230;&#8230;&#8230;&#8230;&#8230;&#8230;&#8230;.. 10,00 \u20ac Full Look color&#8230;&#8230;&#8230;&#8230;&#8230;&#8230;&#8230;&#8230;&#8230;&#8230;&#8230;&#8230;&#8230;.. 12,00 \u20ac Full Look color + French Look. &#8230;&#8230;&#8230;&#8230;&#8230;..16,00 \u20ac<\/p>\n<p><a href=\"https:\/\/www.da-nailsdeluxe.de\/?page_id=523\" class=\"more-link themebutton\">Read More<\/a><\/p>\n","protected":false},"author":2,"featured_media":0,"parent":0,"menu_order":0,"comment_status":"closed","ping_status":"closed","template":"","meta":[],"_links":{"self":[{"href":"https:\/\/www.da-nailsdeluxe.de\/index.php?rest_route=\/wp\/v2\/pages\/523"}],"collection":[{"href":"https:\/\/www.da-nailsdeluxe.de\/index.php?rest_route=\/wp\/v2\/pages"}],"about":[{"href":"https:\/\/www.da-nailsdeluxe.de\/index.php?rest_route=\/wp\/v2\/types\/page"}],"author":[{"embeddable":true,"href":"https:\/\/www.da-nailsdeluxe.de\/index.php?rest_route=\/wp\/v2\/users\/2"}],"replies":[{"embeddable":true,"href":"https:\/\/www.da-nailsdeluxe.de\/index.php?rest_route=%2Fwp%2Fv2%2Fcomments&post=523"}],"version-history":[{"count":7,"href":"https:\/\/www.da-nailsdeluxe.de\/index.php?rest_route=\/wp\/v2\/pages\/523\/revisions"}],"predecessor-version":[{"id":709,"href":"https:\/\/www.da-nailsdeluxe.de\/index.php?rest_route=\/wp\/v2\/pages\/523\/revisions\/709"}],"wp:attachment":[{"href":"https:\/\/www.da-nailsdeluxe.de\/index.php?rest_route=%2Fwp%2Fv2%2Fmedia&parent=523"}],"curies":[{"name":"wp","href":"https:\/\/api.w.org\/{rel}","templated":true}]}}