{"id":2,"date":"2015-05-14T11:43:18","date_gmt":"2015-05-14T11:43:18","guid":{"rendered":"http:\/\/da-nailsdeluxe.de\/wp\/?page_id=2"},"modified":"2023-06-10T17:12:02","modified_gmt":"2023-06-10T17:12:02","slug":"beispiel-seite","status":"publish","type":"page","link":"https:\/\/www.da-nailsdeluxe.de\/","title":{"rendered":"Startseite"},"content":{"rendered":"<script type=\"text\/javascript\">\r\ndocument.addEventListener(\"DOMContentLoaded\", function(event) { \r\n\tjQuery( '#slider-pro-3-763' ).sliderPro({\r\n\t\t\/\/width\r\n\t\t\t\twidth: \"100%\",\r\n\t\t\t\t\r\n\t\t\/\/height\r\n\t\t\t\theight: 350,\r\n\t\t\t\t\r\n\t\t\/\/auto play\r\n\t\t\t\tautoplay:  true,\r\n\t\tautoplayOnHover: 'none',\r\n\t\t\t\t\t\t\t\tautoplayDelay: 5000,\r\n\t\t\r\n\t\t\r\n\t\tarrows: true,\r\n\t\tbuttons: false,\r\n\t\tsmallSize: 500,\r\n\t\tmediumSize: 1000,\r\n\t\tlargeSize: 3000,\r\n\t\tfade: true,\r\n\t\t\r\n\t\t\/\/thumbnail\r\n\t\tthumbnailArrows: true,\r\n\t\tthumbnailWidth: 120,\r\n\t\tthumbnailHeight: 120,\r\n\t\t\t\t\t\tthumbnailsPosition: 'bottom',\r\n\t\t\t\t\t\tcenterImage: true,\r\n\t\timageScaleMode: 'cover',\r\n\t\tallowScaleUp: true,\r\n\t\t\t\tshuffle: true,\r\n\t\t\t\tstartSlide: 0,\r\n\t\tloop: true,\r\n\t\tslideDistance: 5,\r\n\t\tautoplayDirection: 'normal',\r\n\t\ttouchSwipe: true,\r\n\t\tfullScreen: true,\r\n\t});\r\n});\r\n<\/script>\r\n<style>\r\n\/* Layout 3 *\/\r\n\/* border *\/\r\n#slider-pro-3-763 .sp-selected-thumbnail {\r\n\tborder: 4px solid #000000;\r\n}\r\n\r\n\/* font + color *\/\r\n.title-in  {\r\n\tfont-family: Arial !important;\r\n\tcolor: #FFFFFF !important;\r\n\tbackground-color: #000000 !important;\r\n\topacity: 0.7 !important;\r\n}\r\n.desc-in  {\r\n\tfont-family: Arial !important;\r\n\tcolor: #FFFFFF !important;\r\n\tbackground-color: #00000 !important;\r\n\topacity: 0.7 !important;\r\n}\r\n\r\n\/* bullets color *\/\r\n.sp-button  {\r\n\tborder: 2px solid #000000 !important;\r\n}\r\n.sp-selected-button  {\r\n\tbackground-color: #000000 !important;\r\n}\r\n\r\n\/* pointer color - bottom *\/\r\n.sp-selected-thumbnail::before {\r\n\tborder-bottom: 5px solid #000000 !important;\r\n}\r\n.sp-selected-thumbnail::after {\r\n\tborder-bottom: 13px solid #000000 !important;\r\n}\r\n\r\n\/* pointer color - top *\/\r\n\r\n\/* full screen icon *\/\r\n.sp-full-screen-button::before {\r\n    color: #FFFFFF !important;\r\n}\r\n\r\n\/* hover navigation icon color *\/\r\n.sp-next-arrow::after, .sp-next-arrow::before {\r\n\tbackground-color: #FFFFFF !important;\r\n}\r\n.sp-previous-arrow::after, .sp-previous-arrow::before {\r\n\tbackground-color: #FFFFFF !important;\r\n}\r\n\r\n#slider-pro-3-763 .title-in {\r\n\tcolor: #FFFFFF !important;\r\n\tfont-weight: bolder;\r\n\ttext-align: center;\r\n}\r\n\r\n#slider-pro-3-763 .title-in-bg {\r\n\tbackground: rgba(255, 255, 255, 0.7); !important;\r\n\twhite-space: unset !important;\r\n\tmax-width: 90%;\r\n\tmin-width: 40%;\r\n\ttransform: initial !important;\r\n\t-webkit-transform: initial !important;\r\n\tfont-size: 14px !important;\r\n}\r\n\r\n#slider-pro-3-763 .desc-in {\r\n\tcolor: #FFFFFF !important;\r\n\ttext-align: center;\r\n}\r\n#slider-pro-3-763 .desc-in-bg {\r\n\tbackground: rgba(#00000, 0.7) !important;\r\n\twhite-space: unset !important;\r\n\twidth: 80% !important;\r\n\tmin-width: 30%;\r\n\ttransform: initial !important;\r\n\t-webkit-transform: initial !important;\r\n\tfont-size: 13px !important;\r\n}\r\n\r\n@media (max-width: 640px) {\r\n\t#slider-pro-3-763 .hide-small-screen {\r\n\t\tdisplay: none;\r\n\t}\r\n}\r\n\r\n@media (max-width: 860px) {\r\n\t#slider-pro-3-763 .sp-layer {\r\n\t\tfont-size: 18px;\r\n\t}\r\n\t\r\n\t#slider-pro-3-763 .hide-medium-screen {\r\n\t\tdisplay: none;\r\n\t}\r\n}\r\n.slides-not-found {\r\n\tbackground-color: #a92929;\r\n\tborder-radius: 5px;\r\n\tcolor: #fff;\r\n\tfont-family: initial;\r\n\ttext-align: center;\r\n\tpadding:12px;\r\n}\r\n\/* Custom CSS *\/\r\n<\/style>\r\n\t\t<div id=\"slider-pro-3-763\" class=\"slider-pro\">\r\n\t\t\t<!---- slides div start ---->\r\n\t\t\t<div class=\"sp-slides\">\r\n\t\t\t\t\t\t\t\t\t\t<div class=\"sp-slide\">\r\n\t\t\t\t\t\t\t<img class=\"sp-image\" alt=\"Allure 1\" src=\"https:\/\/www.da-nailsdeluxe.de\/wp-content\/plugins\/ultimate-responsive-image-slider\/assets\/css\/images\/blank.gif\" data-src=\"https:\/\/www.da-nailsdeluxe.de\/wp-content\/uploads\/2020\/03\/banner-trend-allure-3.jpg\" \/>\r\n\r\n\t\t\t\t\t\t\t\r\n\t\t\t\t\t\t\t\t\t\t\t\t\t<\/div>\r\n\t\t\t\t\t\t\t\t\t\t\t\t<div class=\"sp-slide\">\r\n\t\t\t\t\t\t\t<img class=\"sp-image\" alt=\"Allure 3\" src=\"https:\/\/www.da-nailsdeluxe.de\/wp-content\/plugins\/ultimate-responsive-image-slider\/assets\/css\/images\/blank.gif\" data-src=\"https:\/\/www.da-nailsdeluxe.de\/wp-content\/uploads\/2020\/03\/banner-trend-allure-1.jpg\" \/>\r\n\r\n\t\t\t\t\t\t\t\r\n\t\t\t\t\t\t\t\t\t\t\t\t\t<\/div>\r\n\t\t\t\t\t\t\t\t\t\t\t\t<div class=\"sp-slide\">\r\n\t\t\t\t\t\t\t<img class=\"sp-image\" alt=\"Allure 2\" src=\"https:\/\/www.da-nailsdeluxe.de\/wp-content\/plugins\/ultimate-responsive-image-slider\/assets\/css\/images\/blank.gif\" data-src=\"https:\/\/www.da-nailsdeluxe.de\/wp-content\/uploads\/2020\/03\/banner-trend-allure-2.jpg\" \/>\r\n\r\n\t\t\t\t\t\t\t\r\n\t\t\t\t\t\t\t\t\t\t\t\t\t<\/div>\r\n\t\t\t\t\t\t\t\t\t<\/div>\r\n\t\t\t\r\n\t\t\t<!---- slides div end ---->\r\n\t\t\t\t\t\t<!-- slides thumbnails div end -->\r\n\t\t<\/div>\r\n\n\n\n<p><\/p>\n\n\n<div class=\"is-layout-flex wp-container-4 wp-block-columns landingpagesb\">\n<div class=\"is-layout-flow wp-block-column\">\n<figure class=\"wp-block-image size-large\"><img decoding=\"async\" loading=\"lazy\" width=\"1024\" height=\"1024\" src=\"https:\/\/www.da-nailsdeluxe.de\/wp-content\/uploads\/2023\/03\/20230202_064512212_iOS-1024x1024.jpg\" alt=\"\" class=\"wp-image-831\" srcset=\"https:\/\/www.da-nailsdeluxe.de\/wp-content\/uploads\/2023\/03\/20230202_064512212_iOS-1024x1024.jpg 1024w, https:\/\/www.da-nailsdeluxe.de\/wp-content\/uploads\/2023\/03\/20230202_064512212_iOS-300x300.jpg 300w, https:\/\/www.da-nailsdeluxe.de\/wp-content\/uploads\/2023\/03\/20230202_064512212_iOS-150x150.jpg 150w, https:\/\/www.da-nailsdeluxe.de\/wp-content\/uploads\/2023\/03\/20230202_064512212_iOS-570x570.jpg 570w, https:\/\/www.da-nailsdeluxe.de\/wp-content\/uploads\/2023\/03\/20230202_064512212_iOS-380x380.jpg 380w, https:\/\/www.da-nailsdeluxe.de\/wp-content\/uploads\/2023\/03\/20230202_064512212_iOS-285x285.jpg 285w, https:\/\/www.da-nailsdeluxe.de\/wp-content\/uploads\/2023\/03\/20230202_064512212_iOS.jpg 1080w\" sizes=\"(max-width: 1024px) 100vw, 1024px\" \/><figcaption class=\"wp-element-caption\"><strong>Galerie<\/strong><\/figcaption><\/figure>\n\n\n\n<p>Hier finden Sie eine Auswahl unserer Kundenbilder<\/p>\n\n\n\n<p class=\"landingspagesbmore\"><a href=\"https:\/\/www.da-nailsdeluxe.de\/?page_id=91\">Mehr&#8230;<\/a><\/p>\n<\/div>\n\n\n\n<div class=\"is-layout-flow wp-block-column\">\n<figure class=\"wp-block-image size-full\"><img decoding=\"async\" loading=\"lazy\" width=\"842\" height=\"595\" src=\"https:\/\/www.da-nailsdeluxe.de\/wp-content\/uploads\/2018\/03\/urkunde-schild-elitestudio.jpg\" alt=\"\" class=\"wp-image-603\" srcset=\"https:\/\/www.da-nailsdeluxe.de\/wp-content\/uploads\/2018\/03\/urkunde-schild-elitestudio.jpg 842w, https:\/\/www.da-nailsdeluxe.de\/wp-content\/uploads\/2018\/03\/urkunde-schild-elitestudio-150x106.jpg 150w, https:\/\/www.da-nailsdeluxe.de\/wp-content\/uploads\/2018\/03\/urkunde-schild-elitestudio-300x212.jpg 300w\" sizes=\"(max-width: 842px) 100vw, 842px\" \/><figcaption class=\"wp-element-caption\"><strong> Auszeichnungen <\/strong><\/figcaption><\/figure>\n\n\n\n<p> Unsere Auszeichnungen auf einen Blick <\/p>\n\n\n\n<p class=\"landingspagesbmore\"><a href=\"https:\/\/www.da-nailsdeluxe.de\/?page_id=547\">Mehr&#8230;<\/a><\/p>\n<\/div>\n\n\n\n<div class=\"is-layout-flow wp-block-column\">\n<figure class=\"wp-block-image size-large\"><img decoding=\"async\" loading=\"lazy\" width=\"1024\" height=\"768\" src=\"https:\/\/www.da-nailsdeluxe.de\/wp-content\/uploads\/2018\/03\/IMG_6695-1024x768.jpg\" alt=\"\" class=\"wp-image-654\" srcset=\"https:\/\/www.da-nailsdeluxe.de\/wp-content\/uploads\/2018\/03\/IMG_6695-1024x768.jpg 1024w, https:\/\/www.da-nailsdeluxe.de\/wp-content\/uploads\/2018\/03\/IMG_6695-150x113.jpg 150w, https:\/\/www.da-nailsdeluxe.de\/wp-content\/uploads\/2018\/03\/IMG_6695-300x225.jpg 300w\" sizes=\"(max-width: 1024px) 100vw, 1024px\" \/><figcaption class=\"wp-element-caption\"> <strong>Studio<\/strong><\/figcaption><\/figure>\n\n\n\n<p>Ein kleiner Einblick in unser Studio<\/p>\n\n\n\n<p class=\"landingspagesbmore\"><a href=\"https:\/\/www.da-nailsdeluxe.de\/?page_id=670\">Mehr&#8230;<\/a><\/p>\n<\/div>\n<\/div>\n\n\n<h3 style=\"text-align: center;\"><span style=\"color: #ff0000;\"><strong>&#8230;&#8230;.haben was nicht jeder hat !<\/strong><\/span><\/h3>\n<p style=\"text-align: center;\"><span style=\"color: #000000;\">Sch\u00f6ne N\u00e4gel sind eine Selbstverst\u00e4ndlichkeit und geh\u00f6ren zum<\/span><br><span style=\"color: #000000;\"> positiven Erscheinungsbild eines Menschen einfach dazu.<\/span><br><span style=\"color: #000000;\"> Ob im Beruf oder im Privatleben, sind sie mittlerweile<\/span><br><span style=\"color: #000000;\"> zu einem wichtigen Erfolgskriterium geworden.<\/span><\/p>\n<p style=\"text-align: center;\"><span style=\"color: #000000;\">In unserem geschmackvollem eingerichteten<\/span><br><span style=\"color: #000000;\"> Catherine Elitestudio<\/span><br><span style=\"color: #000000;\"> erwarten Sie Behandlungen von der klassischen Manik\u00fcre<\/span><br><span style=\"color: #000000;\"> \u00fcber Naturnagelverst\u00e4rkung und -Verl\u00e4ngerung<\/span><br><span style=\"color: #000000;\"> bis hin zur kreativen Nail Art.<\/span><\/p>\n<p style=\"text-align: center;\"><span style=\"color: #000000;\">Probenagel sowie eine fachliche Beratung geh\u00f6ren<\/span><br><span style=\"color: #000000;\"> nat\u00fcrlich auch zu unserem Service dazu.<\/span><\/p>\n<p><\/p>\n<h3 style=\"text-align: center;\"><strong><span style=\"color: #ff0000;\">Wir freuen uns auf Ihren Besuch!<\/span><\/strong><\/h3>\n<h1 style=\"text-align: center;\">&nbsp;<\/h1>\n<p><\/p>","protected":false},"excerpt":{"rendered":"<p>Hier finden Sie eine Auswahl unserer Kundenbilder Mehr&#8230; Unsere Auszeichnungen auf einen Blick Mehr&#8230; Ein kleiner Einblick in unser Studio Mehr&#8230; &#8230;&#8230;.haben was nicht jeder hat ! Sch\u00f6ne N\u00e4gel sind eine Selbstverst\u00e4ndlichkeit und geh\u00f6ren zum positiven Erscheinungsbild eines Menschen einfach dazu. Ob im Beruf oder im Privatleben, sind sie mittlerweile zu einem wichtigen Erfolgskriterium geworden.<\/p>\n<p><a href=\"https:\/\/www.da-nailsdeluxe.de\/?p=763\" class=\"more-link themebutton\">Read More<\/a><\/p>\n","protected":false},"author":1,"featured_media":0,"parent":0,"menu_order":0,"comment_status":"closed","ping_status":"closed","template":"","meta":[],"_links":{"self":[{"href":"https:\/\/www.da-nailsdeluxe.de\/index.php?rest_route=\/wp\/v2\/pages\/2"}],"collection":[{"href":"https:\/\/www.da-nailsdeluxe.de\/index.php?rest_route=\/wp\/v2\/pages"}],"about":[{"href":"https:\/\/www.da-nailsdeluxe.de\/index.php?rest_route=\/wp\/v2\/types\/page"}],"author":[{"embeddable":true,"href":"https:\/\/www.da-nailsdeluxe.de\/index.php?rest_route=\/wp\/v2\/users\/1"}],"replies":[{"embeddable":true,"href":"https:\/\/www.da-nailsdeluxe.de\/index.php?rest_route=%2Fwp%2Fv2%2Fcomments&post=2"}],"version-history":[{"count":94,"href":"https:\/\/www.da-nailsdeluxe.de\/index.php?rest_route=\/wp\/v2\/pages\/2\/revisions"}],"predecessor-version":[{"id":837,"href":"https:\/\/www.da-nailsdeluxe.de\/index.php?rest_route=\/wp\/v2\/pages\/2\/revisions\/837"}],"wp:attachment":[{"href":"https:\/\/www.da-nailsdeluxe.de\/index.php?rest_route=%2Fwp%2Fv2%2Fmedia&parent=2"}],"curies":[{"name":"wp","href":"https:\/\/api.w.org\/{rel}","templated":true}]}}